{"id":222045,"date":"2017-08-17T18:21:32","date_gmt":"2017-08-17T22:21:32","guid":{"rendered":"https:\/\/repairdaily.com\/write-for-us-freelancer-writers-jobs\/"},"modified":"2023-06-09T18:24:30","modified_gmt":"2023-06-09T22:24:30","slug":"escriba-para-nosotros-escritores-independientes-empleos","status":"publish","type":"page","link":"https:\/\/repairdaily.com\/es\/escriba-para-nosotros-escritores-independientes-empleos\/","title":{"rendered":"Escribe para nosotros sobre cualquier tema | Anuncios para aut\u00f3nomos, editores, escritores, a\u00f1adir negocios"},"content":{"rendered":"<h2>Escriba para nosotros &#8211; Trabaje con nosotros. Perm\u00edtanos compartir su trabajo y sus productos, marca frente a miles de personas.<\/h2>\n<p>Puede que sea usted un nuevo visitante o lector de <a data-wpel-link=\"internal\" href=\"https:\/\/repairdaily.com\/\" style=\"outline: none;\">RepairDaily<\/a>. Pero perm\u00edtanos que le hagamos un breve resumen. Este sitio es un dep\u00f3sito de varias cosas relacionadas con mejoras para el hogar, proyectos de bricolaje, herramientas el\u00e9ctricas y otras cosas que pueden hacer su vida m\u00e1s conveniente.<\/p>\n<p>Repairdaily.com MOZ Domain Authority &#8211; MOZ DA es 57 a 29\/03\/2022 como se ve a continuaci\u00f3n. Somos autoridad en el hogar, reparaci\u00f3n, al aire libre, nichos de herramientas. Nosotros <a href=\"https:\/\/repairdaily.com\/reviews\/\" rel=\"nofollow noopener\" target=\"_blank\" style=\"outline: none;\">herramientas de revisi\u00f3n<\/a>, gadgets, aparatos electr\u00f3nicos, electrodom\u00e9sticos y mucho m\u00e1s.<\/p>\n<p><span><a target=\"_blank\" rel=\"nofollow noopener\" href=\"https:\/\/repairdaily.com\/goto\/https:\/\/moz.com\/domain-analysis?site=https%3A%2F%2Frepairdaily.com%2F\"><img loading=\"lazy\" decoding=\"async\" alt=\"moz da\" data-id=\"46489\" width=\"647\" data-init-width=\"647\" height=\"459\" data-init-height=\"459\" title=\"moz da\" loading=\"lazy\" src=\"https:\/\/repairdaily.com\/wp-content\/uploads\/2022\/03\/moz-da.jpg.webp\" data-width=\"647\" data-height=\"459\" style=\"\" data-link-wrap=\"true\"\/><\/a><\/span><\/p>\n<p>moz da<\/p>\n<\/p>\n<p>Escribe para nosotros sobre cualquier tema. Puedes usar nuestra aplicaci\u00f3n para escritores si eres freelance, buscas trabajo de escritor y necesitas publicar post de invitado. Tenemos un buen n\u00famero de seguidores si quieres escribir para nosotros, lo que nos convierte en una comunidad de gente que quiere progresar \u00a1y nada m\u00e1s!<\/p>\n<p><span data-name=\"fire\"><\/span><\/p>\n<p>Hemos dejado de aceptar art\u00edculos de invitados. Sin embargo, seguimos aceptando \u00abSponsored Posts\u00bb.<\/p>\n<p>Pero, por supuesto, tenemos que admitir que no somos omniscientes. Por lo tanto, siempre estamos encantados de que las personas que quieran trabajar con nosotros a trav\u00e9s de la presentaci\u00f3n de cualquier contenido que se ajuste a nuestro nicho. Si usted se encuentra entre estos compa\u00f1eros que comparten el mismo nivel de competencia y pasi\u00f3n y nosotros, entonces le invitamos a colaborar con nosotros. En resumen, \u00a1queremos que su contenido aparezca en este sitio web!<\/p>\n<p>P\u00f3ngase en contacto con nosotros a trav\u00e9s de este correo electr\u00f3nico <strong><span style=\"background-color: rgb(230, 14, 14);\"><span>&nbsp;<span style=\"color: rgb(255, 255, 255);\">Thomas<\/span><\/span><span style=\"color: rgb(255, 255, 255);\"><span>@<\/span><\/span><\/span><\/strong><strong><span style=\"background-color: rgb(230, 14, 14);\"><span style=\"color: rgb(255, 255, 255);\"><span><span>Repairdaily.co<\/span><\/span><\/span><span style=\"color: rgb(255, 255, 255);\">m<\/span><\/span><\/strong><strong><span style=\"background-color: rgb(230, 14, 14);\"><span>&nbsp;<\/span><\/span><\/strong> y en su mensaje, utilice la frase \u00abI Want To Publish Post\u00bb o \u00abI Want To Publish Guest Post \u00abcomo asunto. De este modo, podremos darte prioridad r\u00e1pidamente entre la gran cantidad de correos electr\u00f3nicos que recibimos a diario.Pero antes de que empieces a darle al teclado y a verter tus ideas, perm\u00edtenos que te demos primero nuestras directrices.Al fin y al cabo, seguir las normas NO es malo.<\/p>\n<\/p>\n<h2>repairdaily.com ahref M\u00e9tricas de autoridad de dominio : 58<\/h2>\n<p>Repairdaily.com ahref Las m\u00e9tricas de autoridad de dominio aumentan cada d\u00eda.<\/p>\n<p><span><img loading=\"lazy\" decoding=\"async\" alt=\"ahref DR\" data-id=\"47579\" width=\"669\" data-init-width=\"669\" height=\"309\" data-init-height=\"309\" title=\"repairdaily-ahrefDR\" loading=\"lazy\" src=\"https:\/\/repairdaily.com\/wp-content\/uploads\/2022\/06\/repairdaily-ahrefDR.jpg.webp\" data-width=\"669\" data-height=\"309\"\/><\/span><\/p>\n<p>ahref DR<\/p>\n<h2><\/h2>\n<h1>Listas completas de todas las empresas y negocios cercanos a su ubicaci\u00f3n &#8211; <a href=\"https:\/\/repairdaily.com\/business-lists\/\" target=\"_blank\" style=\"outline: none;\" rel=\"noopener\">Haga clic aqu\u00ed<\/a><\/h1>\n<h1>A\u00f1adir su empresa gratis | Listas de empresas<\/h1>\n<p>Inicie sesi\u00f3n para a\u00f1adir sus propiedades. Muestre sus empresas y negocios en <a href=\"https:\/\/repairdaily.com\/add-listing\/\" style=\"outline: none;\"><strong>repairdaily.com<\/strong><\/a> gratis y consigue el reconocimiento de personas de todo el mundo. Listas de empresas<\/p>\n<h2 style=\"text-align: center;\"><a href=\"https:\/\/repairdaily.com\/business-lists\/\" target=\"_blank\" style=\"outline: none;\" rel=\"noopener\">PULSE AQU\u00cd<\/a><\/h2>\n<\/p>\n<h2><\/h2>\n<h2 id=\"tab-con-7\">Directrices preliminares | Guest Posts<\/h2>\n<ol>\n<li>Tienes que enviarnos al menos 1 tema que quieras escribir para nosotros.<\/li>\n<li>Dinos qui\u00e9n eres. \u00bfCu\u00e1les son sus intereses? \u00bfTiene alguna p\u00e1gina web en funcionamiento?<\/li>\n<li>Danos una muestra de tu trabajo (un ejemplo es perfecto)<\/li>\n<\/ol>\n<h2 id=\"tab-con-10\">Directrices editoriales | Art\u00edculos invitados<\/h2>\n<p><strong>Una vez aprobada su solicitud, queremos que su art\u00edculo siga la siguiente estructura:<\/strong><\/p>\n<ul>\n<li>Debe tener 1.000 palabras o m\u00e1s.<\/li>\n<li>Atractivo, pr\u00e1ctico y \u00fatil en general.<\/li>\n<li>Sin errores gramaticales. Podemos aceptar jerga, pero preferimos la delicadeza de un ingl\u00e9s correcto.<\/li>\n<li>El art\u00edculo no debe contener plagios. Podemos hacer una doble comprobaci\u00f3n de sus art\u00edculos mediante Copyscape, as\u00ed que aqu\u00ed no hay escapatoria.<\/li>\n<li>Con el formato adecuado. Que sea legible.<\/li>\n<\/ul>\n<h2><\/h2>\n<h2>Al enviar su mensaje a Repairdaily.com usted acepta que:<\/h2>\n<ul>\n<li>You are the owner of the unique content and its copyright;<\/li>\n<li>The content is not posted on any other website, blog, etc.;<\/li>\n<li>You grant repairdaily.com exclusive online posting rights for your post;<\/li>\n<li>You will not repost the content anywhere else online while it remains on repairdaily.com;<\/li>\n<li>You will not repost the content on your own website or blog while it remains on repairdaily.com.<\/li>\n<\/ul>\n<h2 id=\"tab-con-5\">Cosas adicionales que necesitamos<\/h2>\n<p>Breve biograf\u00eda del autor (le daremos libertad para enlazarla en su p\u00e1gina Acerca de). &#8211; <strong><span style=\"color: rgb(91, 116, 133);\">Opcional<\/span><\/strong><\/p>\n<p>Fotograf\u00eda o v\u00eddeos (no son necesarios, pero le animamos a que los incluya) &#8211; <span style=\"color: rgb(227, 34, 34);\"><strong>Obligatorio<\/strong><\/span><\/p>\n<h2 id=\"tab-con-9\">Qu\u00e9 obtendr\u00e1 si se anuncia con nosotros<\/h2>\n<p>Le permitiremos poner anchor text y URL para cualquier enlace que quiera dirigir a su sitio. Tenga en cuenta que el enlace ser\u00e1 DoFollow, lo que significa que contar\u00e1 como un backlink org\u00e1nico. Si actualmente est\u00e1 construyendo su sitio, este tipo de enlace web es bastante crucial.<\/p>\n<h2>Colabore con nosotros<\/h2>\n<p>Nos centramos en contenidos pr\u00e1cticos, informativos, detallados y atractivos sobre cualquier tema que contenga informaci\u00f3n realmente impresionante. Actualmente, patrocinamos marcas con contenidos escritos \u00fanicamente por nuestro equipo. Por lo tanto, no ser\u00e1 necesario que nos proporciones contenidos, art\u00edculos u otros posts de tu marca.Se hacen excepciones si su contenido es muy informativo, detallado.Una vez que nos proporciones tu lista de URL y determinemos su relevancia para el art\u00edculo patrocinado, estaremos m\u00e1s que dispuestos a mencionar tu marca y enlazar a tu URL.<\/p>\n<h2 id=\"tab-con-6\">Perm\u00edtanos compartir su trabajo y su marca<\/h2>\n<p>Si tu contenido ha recibido reacciones o comentarios de la gente, te animamos a que les respondas. Es un momento excelente para darse a conocer.<\/p>\n<h2 id=\"tab-con-8\">Algunas estad\u00edsticas<\/h2>\n<p>Eche un vistazo a algunas estad\u00edsticas sobre <strong>Repairdaily &nbsp;| Mayo 2018<\/strong><\/p>\n<p><strong>Ranking Ahrefs<\/strong><\/p>\n<p><span><img loading=\"lazy\" decoding=\"async\" alt=\"\" title=\"ahrefs-may\" data-id=\"13077\" src=\"https:\/\/repairdaily.com\/wp-content\/uploads\/2018\/05\/ahrefs-may.png.webp\" scale=\"0\" width=\"774\" height=\"490\" data-src=\"https:\/\/repairdaily.com\/wp-content\/webpc-passthru.php?src=https:\/\/cdn.statically.io\/img\/repairdaily.com\/wp-content\/uploads\/2018\/05\/ahrefs-may.png&amp;nocache=1?f=auto\" data-lazy-loaded=\"1\" loading=\"lazy\" data-width=\"774\" data-height=\"490\" data-init-width=\"699\" data-init-height=\"442\" style=\"\" data-><img fetchpriority=\"high\" decoding=\"async\" title=\"ahrefs-may\" data-id=\"13077\" src=\"https:\/\/repairdaily.com\/wp-content\/webpc-passthru.php?src=https:\/\/cdn.statically.io\/img\/repairdaily.com\/wp-content\/uploads\/2018\/05\/ahrefs-may.png&amp;nocache=1?f=auto\" scale=\"0\" width=\"2106\" height=\"1332\" data-src=\"https:\/\/repairdaily.com\/wp-content\/webpc-passthru.php?src=https:\/\/cdn.statically.io\/img\/repairdaily.com\/wp-content\/uploads\/2018\/05\/ahrefs-may.png&amp;nocache=1?f=auto\" data-lazy-src=\"https:\/\/repairdaily.com\/wp-content\/webpc-passthru.php?src=https%3A%2F%2Fcdn.statically.io%2Fimg%2Frepairdaily.com%2Fwp-content%2Fuploads%2F2018%2F05%2Fahrefs-may.png&amp;nocache=1%3Ff%3Dauto&amp;is-pending-load=1\" srcset=\"data:image\/gif;base64,R0lGODlhAQABAIAAAAAAAP\/\/\/yH5BAEAAAAALAAAAAABAAEAAAIBRAA7\" alt=\"\" data-><img decoding=\"async\" alt=\"\" title=\"ahrefs-may\" data-id=\"13077\" src=\"https:\/\/repairdaily.com\/wp-content\/webpc-passthru.php?src=https:\/\/cdn.statically.io\/img\/repairdaily.com\/wp-content\/uploads\/2018\/05\/ahrefs-may.png&#038;nocache=1?f=auto\" scale=\"0\" width=\"2106\" height=\"1332\" data-src=\"https:\/\/repairdaily.com\/wp-content\/webpc-passthru.php?src=https:\/\/cdn.statically.io\/img\/repairdaily.com\/wp-content\/uploads\/2018\/05\/ahrefs-may.png&#038;nocache=1?f=auto\"><\/span><\/p>\n<p><strong>Rangos de tr\u00e1fico de Alexa<\/strong><\/p>\n<p><span><img loading=\"lazy\" decoding=\"async\" alt=\"\" title=\"alexa-sep\" data-id=\"11453\" src=\"https:\/\/repairdaily.com\/wp-content\/uploads\/2017\/09\/alexa-sep.png.webp\" scale=\"0\" width=\"547\" height=\"282\" data-src=\"https:\/\/repairdaily.com\/wp-content\/webpc-passthru.php?src=https:\/\/cdn.statically.io\/img\/repairdaily.com\/wp-content\/uploads\/2018\/05\/alexa-may.png&amp;nocache=1?f=auto\" data-lazy-loaded=\"1\" loading=\"lazy\" data-width=\"547\" data-height=\"282\" data-init-width=\"699\" data-init-height=\"360\" style=\"\" data-><img decoding=\"async\" title=\"alexa-may\" data-id=\"13078\" src=\"https:\/\/repairdaily.com\/wp-content\/webpc-passthru.php?src=https:\/\/cdn.statically.io\/img\/repairdaily.com\/wp-content\/uploads\/2018\/05\/alexa-may.png&amp;nocache=1?f=auto\" scale=\"0\" width=\"1764\" height=\"668\" data-src=\"https:\/\/repairdaily.com\/wp-content\/webpc-passthru.php?src=https:\/\/cdn.statically.io\/img\/repairdaily.com\/wp-content\/uploads\/2018\/05\/alexa-may.png&amp;nocache=1?f=auto\" data-lazy-src=\"https:\/\/repairdaily.com\/wp-content\/webpc-passthru.php?src=https%3A%2F%2Fcdn.statically.io%2Fimg%2Frepairdaily.com%2Fwp-content%2Fuploads%2F2018%2F05%2Falexa-may.png&amp;nocache=1%3Ff%3Dauto&amp;is-pending-load=1\" srcset=\"data:image\/gif;base64,R0lGODlhAQABAIAAAAAAAP\/\/\/yH5BAEAAAAALAAAAAABAAEAAAIBRAA7\" alt=\"\" data-><img loading=\"lazy\" decoding=\"async\" alt=\"\" title=\"alexa-may\" data-id=\"13078\" src=\"https:\/\/repairdaily.com\/wp-content\/webpc-passthru.php?src=https:\/\/cdn.statically.io\/img\/repairdaily.com\/wp-content\/uploads\/2018\/05\/alexa-may.png&#038;nocache=1?f=auto\" scale=\"0\" width=\"1764\" height=\"668\" data-src=\"https:\/\/repairdaily.com\/wp-content\/webpc-passthru.php?src=https:\/\/cdn.statically.io\/img\/repairdaily.com\/wp-content\/uploads\/2018\/05\/alexa-may.png&#038;nocache=1?f=auto\"><\/span><\/p>\n<\/p>\n<h2 id=\"tab-con-1\">Gastamos dinero en anuncios por art\u00edculos de calidad.<\/h2>\n<p>Hemos utilizado <a target=\"_blank\" rel=\"nofollow noopener\" href=\"https:\/\/repairdaily.com\/goto\/https:\/\/www.pinterest.ca\/Repairdaily1\/\" style=\"outline: none;\">Anuncios en Pinterest<\/a>, Anuncios Google, <a target=\"_blank\" rel=\"nofollow noopener\" href=\"https:\/\/repairdaily.com\/goto\/https:\/\/www.facebook.com\/repairdaily\" style=\"outline: none;\">Facebook<\/a> anuncios y <a target=\"_blank\" rel=\"nofollow noopener\" href=\"https:\/\/repairdaily.com\/goto\/https:\/\/www.instagram.com\/repairdailydiy\/\" style=\"outline: none;\">Instagram<\/a> anuncios. Vea la siguiente imagen de <a target=\"_blank\" rel=\"nofollow noopener\" href=\"https:\/\/repairdaily.com\/goto\/https:\/\/ads.google.com\/\" style=\"outline: none;\">anuncios de google<\/a> hemos estado usando&#8230;<\/p>\n<p><span><img decoding=\"async\" alt=\"ad words advertise\" data-id=\"36397\" width=\"677\" data-init-width=\"677\" height=\"201\" data-init-height=\"201\" title=\"ad words advertise\" loading=\"eager\" src=\"https:\/\/repairdaily.com\/wp-content\/uploads\/2021\/03\/ad-words-advertise.jpg.webp\" data-width=\"677\" data-height=\"201\" data-lazy-loaded=\"1\" oxrueelr1=\"\" y71dkoudv=\"\" style=\"\" u5acpw9cm=\"\"\/><img loading=\"lazy\" decoding=\"async\" alt=\"ad words advertise\" data-id=\"36397\" width=\"677\" data-init-width=\"677\" height=\"201\" data-init-height=\"201\" title=\"ad words advertise\" loading=\"lazy\" src=\"https:\/\/repairdaily.com\/wp-content\/uploads\/2021\/03\/ad-words-advertise.jpg.webp\" data-width=\"677\" data-height=\"201\"\/><\/span><\/p>\n<p>ad words advertise<\/p>\n<p><span><img decoding=\"async\" alt=\"google ads\" data-id=\"36398\" width=\"677\" data-init-width=\"677\" height=\"135\" data-init-height=\"135\" title=\"google ads\" loading=\"eager\" src=\"https:\/\/repairdaily.com\/wp-content\/uploads\/2021\/03\/google-ads.jpg.webp\" data-width=\"677\" data-height=\"135\" data-lazy-loaded=\"1\"\/><img loading=\"lazy\" decoding=\"async\" alt=\"google ads\" data-id=\"36398\" width=\"677\" data-init-width=\"677\" height=\"135\" data-init-height=\"135\" title=\"google ads\" loading=\"lazy\" src=\"https:\/\/repairdaily.com\/wp-content\/uploads\/2021\/03\/google-ads.jpg.webp\" data-width=\"677\" data-height=\"135\"\/><\/span><\/p>\n<p>google ads<\/p>\n<h2><\/h2>\n<h2><\/h2>\n<h2 id=\"tab-con-1\">T\u00e9rminos de b\u00fasqueda &#8211; Le ayudamos a encontrarnos<\/h2>\n<ul>\n<li>\u00abpost invitado\u00bb<\/li>\n<li>\u00abEscribe para nosotros\u00bb<\/li>\n<li>intext: \u00abeste es un post patrocinado\u00bb<\/li>\n<li>env\u00ede un art\u00edculo como invitado<\/li>\n<li>aut\u00f3nomo<\/li>\n<\/ul>\n<ul>\n<li>an\u00fanciese en nuestro sitio<\/li>\n<li>anunciarse en este sitio<\/li>\n<li>oportunidades de asociaci\u00f3n<\/li>\n<li>pagar por un puesto<\/li>\n<li>aplicaci\u00f3n para escritores<\/li>\n<li>trabajos de escritor<\/li>\n<\/ul>\n<ul>\n<li>post patrocinado<\/li>\n<li>intext: \u00abeste es un post de pago\u00bb<\/li>\n<li>intext: \u00abesta es una cr\u00edtica pagada\u00bb<\/li>\n<li>intext: \u00abeste es un post patrocinado\u00bb<\/li>\n<\/ul>\n<h2 id=\"tab-con-11\"><strong>\u00bfAceptas guest post de cualquier nicho o s\u00f3lo de hogar, nichos inmobiliarios?<\/strong><\/h2>\n<p><strong>Actualmente aceptamos cualquier cosa con contenidos de calidad para guest posts que sirva de ayuda a nuestros lectores.<\/strong><\/p>\n<ul>\n<li>Inmobiliaria,<\/li>\n<li>Contratistas,&nbsp;<\/li>\n<li>Coste de renovaci\u00f3n, viviendas,<\/li>\n<li>Vivienda, Herramientas,<\/li>\n<li>Internet, M\u00e1rketing,<\/li>\n<li>Placas base,<\/li>\n<li>Casa, decoraci\u00f3n, rese\u00f1as de productos,<\/li>\n<li>Hardware,&nbsp;<\/li>\n<li>Software,&nbsp;<\/li>\n<li>Tel\u00e9fonos inteligentes,<\/li>\n<li>Ipads \/ Tablets,<\/li>\n<li>Ordenadores,&nbsp;<\/li>\n<li>IT,&nbsp;<\/li>\n<li>Compra de vivienda,<\/li>\n<li>Venta de casas,<\/li>\n<li>Juegos de azar,<\/li>\n<li>Juegos, Tutoriales,<\/li>\n<li>Tecnolog\u00eda \/ productos \/ Montaje Tutoriales \/ Gu\u00edas<\/li>\n<\/ul>\n<h2 id=\"tab-con-2\"><strong>\u00bfQui\u00e9n puede enviar un blog o anuncio invitado?<\/strong><\/h2>\n<p>Cualquiera puede enviar art\u00edculos como invitado, hay una tarifa incluida si desea incluir enlaces, sin embargo, todo es negociable, s\u00f3lo env\u00edenos un correo electr\u00f3nico, \u00a1somos flexibles!<\/p>\n<h2 id=\"tab-con-3\">Ideas para temas publicitarios<\/h2>\n<ul>\n<li>Mejoras para el hogar<\/li>\n<li>Dom\u00f3tica<\/li>\n<li>Electricidad y electr\u00f3nica<\/li>\n<li>Estilo de vida<\/li>\n<\/ul>\n<ul>\n<li>Hogar inteligente<\/li>\n<li>Seguridad en el hogar<\/li>\n<li>Calefacci\u00f3n y refrigeraci\u00f3n<\/li>\n<li>Salud<\/li>\n<\/ul>\n<ul>\n<li>Pintura dom\u00e9stica<\/li>\n<li>Carpinter\u00eda<\/li>\n<li>Mantenimiento del hogar<\/li>\n<li>Blogs de noticias<\/li>\n<\/ul>\n<p>una vez enviado, blogs, art\u00edculos, im\u00e1genes pasan a ser propiedad de repairdaily.com<span>&nbsp;| las entradas de invitados son nofollow<\/span><\/p>\n<p><b>Estamos orgullosos de nuestra destreza t\u00e9cnica y experiencia, y nos sentimos orgullosos de mostrar lo que logramos cada d\u00eda para mantener este sitio con un rendimiento de primera categor\u00eda. Vea a continuaci\u00f3n las im\u00e1genes del 21\/01\/2023. Nuestro sitio est\u00e1 siempre listo para Google.<\/b><\/p>\n<p><b>\u00a1Listo para afrontar cualquier proyecto casero con ilusi\u00f3n y determinaci\u00f3n! #homesweethome #DIY #homerepair<\/b><\/p>\n<p><span><img loading=\"lazy\" decoding=\"async\" alt=\"\" data-id=\"87372\" width=\"1165\" data-init-width=\"1507\" height=\"690\" data-init-height=\"893\" title=\"google pagespeed repairdaily\" loading=\"lazy\" src=\"https:\/\/repairdaily.com\/wp-content\/uploads\/2023\/01\/google-pagespeed-repairdaily.png.webp\" data-width=\"1165\" data-height=\"690\" data-><\/span><span><img loading=\"lazy\" decoding=\"async\" alt=\"\" data-id=\"87373\" width=\"1165\" data-init-width=\"1587\" height=\"659\" data-init-height=\"898\" title=\"GTMetrix repairdaily\" loading=\"lazy\" src=\"https:\/\/repairdaily.com\/wp-content\/uploads\/2023\/01\/GTMetrix-repairdaily.png.webp\" data-width=\"1165\" data-height=\"659\" data-><\/span><span><img loading=\"lazy\" decoding=\"async\" alt=\"google pagespeed mobile\" data-id=\"87371\" width=\"1165\" data-init-width=\"1354\" height=\"746\" data-init-height=\"867\" title=\"google pagespeed repairdaily mobile\" loading=\"lazy\" src=\"https:\/\/repairdaily.com\/wp-content\/uploads\/2023\/01\/google-pagespeed-repairdaily-mobile.png.webp\" data-width=\"1165\" data-height=\"746\"\/><\/span><\/p>\n<p>google pagespeed mobile<\/p>\n","protected":false},"excerpt":{"rendered":"<p>Escriba para nosotros &#8211; Trabaje con nosotros. Perm\u00edtanos compartir su trabajo y sus productos, marca frente a miles de personas. Puede que sea usted un nuevo visitante o lector de RepairDaily. Pero perm\u00edtanos que le hagamos un breve resumen. Este sitio es un dep\u00f3sito de varias cosas relacionadas con mejoras para el hogar, proyectos de &#8230; <a title=\"Escribe para nosotros sobre cualquier tema | Anuncios para aut\u00f3nomos, editores, escritores, a\u00f1adir negocios\" class=\"read-more\" href=\"https:\/\/repairdaily.com\/es\/escriba-para-nosotros-escritores-independientes-empleos\/\" aria-label=\"Leer m\u00e1s sobre Escribe para nosotros sobre cualquier tema | Anuncios para aut\u00f3nomos, editores, escritores, a\u00f1adir negocios\">Leer m\u00e1s<\/a><\/p>\n","protected":false},"author":1,"featured_media":0,"parent":0,"menu_order":0,"comment_status":"closed","ping_status":"closed","template":"","meta":{"footnotes":""},"class_list":["post-222045","page","type-page","status-publish"],"_links":{"self":[{"href":"https:\/\/repairdaily.com\/es\/wp-json\/wp\/v2\/pages\/222045","targetHints":{"allow":["GET"]}}],"collection":[{"href":"https:\/\/repairdaily.com\/es\/wp-json\/wp\/v2\/pages"}],"about":[{"href":"https:\/\/repairdaily.com\/es\/wp-json\/wp\/v2\/types\/page"}],"author":[{"embeddable":true,"href":"https:\/\/repairdaily.com\/es\/wp-json\/wp\/v2\/users\/1"}],"replies":[{"embeddable":true,"href":"https:\/\/repairdaily.com\/es\/wp-json\/wp\/v2\/comments?post=222045"}],"version-history":[{"count":0,"href":"https:\/\/repairdaily.com\/es\/wp-json\/wp\/v2\/pages\/222045\/revisions"}],"wp:attachment":[{"href":"https:\/\/repairdaily.com\/es\/wp-json\/wp\/v2\/media?parent=222045"}],"curies":[{"name":"wp","href":"https:\/\/api.w.org\/{rel}","templated":true}]}}