{"id":222061,"date":"2016-07-29T17:21:00","date_gmt":"2016-07-29T21:21:00","guid":{"rendered":"https:\/\/repairdaily.com\/blogs-articles-news-diy\/"},"modified":"2023-06-10T15:21:31","modified_gmt":"2023-06-10T19:21:31","slug":"blogs-articulos-noticias-diy","status":"publish","type":"page","link":"https:\/\/repairdaily.com\/es\/blogs-articulos-noticias-diy\/","title":{"rendered":"Blog | Noticias | Art\u00edculos | Informaci\u00f3n y trucos de bricolaje"},"content":{"rendered":"<p>Para su hogar, cualquier profesionales de la contrataci\u00f3n, los vendedores de viviendas, compradores de viviendas, propietarios de viviendas, muchos consejos de bricolaje en la renovaci\u00f3n del hogar, la b\u00fasqueda de herramientas adecuadas, aparatos, electrodom\u00e9sticos, decoraci\u00f3n de casas, Amazon mejores art\u00edculos de venta vitrina, hermosa jardiner\u00eda, dise\u00f1o exterior inteligente, ahorro de energ\u00eda ventanas modernas, efectos de iluminaci\u00f3n del hogar, la elecci\u00f3n de paletas de colores para que las casas de ensue\u00f1o, barrio y muchos muchos m\u00e1s | S\u00f3lo estamos moviendo hasta encontrar m\u00e1s informaci\u00f3n inevitable&#8230;<strong>REPAIRDAILY<\/strong> \ud83d\ude42<\/p>\n","protected":false},"excerpt":{"rendered":"<p>Para su hogar, cualquier profesionales de la contrataci\u00f3n, los vendedores de viviendas, compradores de viviendas, propietarios de viviendas, muchos consejos de bricolaje en la renovaci\u00f3n del hogar, la b\u00fasqueda de herramientas adecuadas, aparatos, electrodom\u00e9sticos, decoraci\u00f3n de casas, Amazon mejores art\u00edculos de venta vitrina, hermosa jardiner\u00eda, dise\u00f1o exterior inteligente, ahorro de energ\u00eda ventanas modernas, efectos de &#8230; <a title=\"Blog | Noticias | Art\u00edculos | Informaci\u00f3n y trucos de bricolaje\" class=\"read-more\" href=\"https:\/\/repairdaily.com\/es\/blogs-articulos-noticias-diy\/\" aria-label=\"Leer m\u00e1s sobre Blog | Noticias | Art\u00edculos | Informaci\u00f3n y trucos de bricolaje\">Leer m\u00e1s<\/a><\/p>\n","protected":false},"author":1,"featured_media":130715,"parent":0,"menu_order":0,"comment_status":"open","ping_status":"open","template":"","meta":{"footnotes":""},"class_list":["post-222061","page","type-page","status-publish","has-post-thumbnail"],"_links":{"self":[{"href":"https:\/\/repairdaily.com\/es\/wp-json\/wp\/v2\/pages\/222061","targetHints":{"allow":["GET"]}}],"collection":[{"href":"https:\/\/repairdaily.com\/es\/wp-json\/wp\/v2\/pages"}],"about":[{"href":"https:\/\/repairdaily.com\/es\/wp-json\/wp\/v2\/types\/page"}],"author":[{"embeddable":true,"href":"https:\/\/repairdaily.com\/es\/wp-json\/wp\/v2\/users\/1"}],"replies":[{"embeddable":true,"href":"https:\/\/repairdaily.com\/es\/wp-json\/wp\/v2\/comments?post=222061"}],"version-history":[{"count":0,"href":"https:\/\/repairdaily.com\/es\/wp-json\/wp\/v2\/pages\/222061\/revisions"}],"wp:featuredmedia":[{"embeddable":true,"href":"https:\/\/repairdaily.com\/es\/wp-json\/wp\/v2\/media\/130715"}],"wp:attachment":[{"href":"https:\/\/repairdaily.com\/es\/wp-json\/wp\/v2\/media?parent=222061"}],"curies":[{"name":"wp","href":"https:\/\/api.w.org\/{rel}","templated":true}]}}