{"id":222068,"date":"2016-10-01T15:54:30","date_gmt":"2016-10-01T19:54:30","guid":{"rendered":"https:\/\/repairdaily.com\/about-us\/"},"modified":"2023-06-10T15:29:18","modified_gmt":"2023-06-10T19:29:18","slug":"quienes-somos","status":"publish","type":"page","link":"https:\/\/repairdaily.com\/es\/quienes-somos\/","title":{"rendered":"Qui\u00e9nes somos"},"content":{"rendered":"<h2><\/h2>\n<h2>Qui\u00e9nes somos<\/h2>\n<p>Desde 2015, repairdaily.com ha estado en la autoridad frente superior en todo el mundo, proporcionando la vida real art\u00edculos informativos sobre c\u00f3mo, bricolaje, fijador superior, proyectos para el hogar, estilo de vida, noticias, entrevistas, jardiner\u00eda, al aire libre y muchos m\u00e1s nicho. Traemos a nuestra audiencia las \u00faltimas noticias sobre innovaciones e invenciones a trav\u00e9s de la automoci\u00f3n, bricolaje, ciencia, tecnolog\u00eda y espacios al aire libre. ofrecemos consejos pr\u00e1cticos de la vida real y la inspiraci\u00f3n para ayudarle a hacer su mejor casa. Tambi\u00e9n publicamos gratis millones de trabajos.Desde consejos de decoraci\u00f3n y jardiner\u00eda, hasta trucos de entretenimiento y reparaciones dom\u00e9sticas, repairdaily.com puede ense\u00f1arte c\u00f3mo hacerlo. Ayudamos a millones de usuarios a encontrar la informaci\u00f3n que necesitan para arreglar su cuarto de ba\u00f1o, actualizar su decoraci\u00f3n, cultivar su jard\u00edn o simplemente hacer frente a una lista de tareas pendientes.Hemos publicado miles de art\u00edculos y blogs para nuestros lectores de todo el mundo. Contamos con escritores profesionales y experimentados que escriben a diario para nosotros. Adem\u00e1s de EE.UU., algunos de nuestros escritores son tambi\u00e9n de Australia, Reino Unido, India, Singapur, Canad\u00e1, lo que aporta diversas culturas y experiencias a nuestras publicaciones y un inmenso orgullo de inclusividad.\u00a1Listo para un d\u00eda de proyectos de bricolaje alrededor de la casa! #Reparaci\u00f3nDelHogar #LimpiezaDelHogar #Fontaner\u00eda #Bricolaje #Emoci\u00f3nate\u00bfEst\u00e1 usted en necesidad de reparaciones en el hogar o un contratista de reparaci\u00f3n superior? Puede ser abrumador para buscar los profesionales adecuados para manejar sus reparaciones en el hogar y renovaciones. Sin embargo, con el enfoque correcto, usted puede encontrar f\u00e1cilmente los contratistas adecuados para su proyecto.Una de las mejores formas de encontrar contratistas de reparaciones o arreglos de viviendas es pedir referencias a amigos y familiares. Estas personas pueden haber trabajado con contratistas en el pasado y pueden recomendar a alguien que hizo un gran trabajo para ellos. Tambi\u00e9n puede consultar los comentarios en l\u00ednea de clientes anteriores para comprobar su grado de satisfacci\u00f3n con el trabajo del contratista.Otra forma de encontrar contratistas es buscar en directorios en l\u00ednea como Angie&#8217;s List o HomeAdvisor. Estos directorios ofrecen una lista de contratistas de su zona, junto con sus valoraciones y opiniones de clientes anteriores. Tambi\u00e9n puede utilizar motores de b\u00fasqueda en l\u00ednea para encontrar contratistas en su zona, pero aseg\u00farese de investigar a fondo sobre ellos antes de tomar una decisi\u00f3n.Cuando elija a un contratista, p\u00eddale la licencia y el seguro. Estos documentos demuestran que el contratista est\u00e1 cualificado para realizar el trabajo y pueden protegerle de cualquier responsabilidad en caso de accidente. Tambi\u00e9n debe pedir referencias a clientes anteriores y comprobar sus muestras de trabajo para asegurarse de que su estilo y calidad se ajustan a sus expectativas.En conclusi\u00f3n, encontrar al contratista adecuado para reparar o arreglar una casa puede parecer desalentador, pero con el enfoque adecuado, puede ser un proceso f\u00e1cil y sin complicaciones. Pidiendo referencias, consultando directorios en Internet e investigando a fondo a los posibles contratistas, podr\u00e1 encontrar a los profesionales adecuados para encargarse de las reparaciones y reformas de su casa.<\/p>\n<\/p>\n<h2><\/h2>\n<h2><\/h2>\n<h2>Bienvenido a RepairDaily<\/h2>\n<ul>\n<li><strong><span>REPAIRDAILY.COM<\/span><\/strong> da informaci\u00f3n sobre las \u00faltimas herramientas, gadgets, aplicaciones, informaci\u00f3n necesaria para cualquier persona que trabaja en el campo de los proyectos de renovaci\u00f3n, bricolaje, construcci\u00f3n, fixer upper y cualquier trabajo relacionado con el hogar.<\/li>\n<li>Tanto si es una persona comercial como no comercial, la herramienta adecuada har\u00e1 que el trabajo sea mucho m\u00e1s f\u00e1cil, r\u00e1pido y profesional.<\/li>\n<li>Un trabajo bien hecho puede ser el resultado de utilizar la herramienta adecuada y puede ser motivo de orgullo para la persona que lo realiza.<\/li>\n<li>\u00a1Sabemos que encontrar informaci\u00f3n variada no es f\u00e1cil, pero hemos estado tratando de cambiar eso desde 2016!Reg\u00edstrese a continuaci\u00f3n para nuestra pl\u00e9tora libre de la informaci\u00f3n. Nos adherimos estrictamente a nuestra empresa <a href=\"https:\/\/repairdaily.com\/privacy-policy\/\" target=\"_blank\" style=\"outline: none;\" rel=\"noopener\"><strong>pol\u00edtica de spam cero<\/strong><\/a> en repairdaily.com.<\/li>\n<\/ul>\n<\/p>\n<p><strong><span>REPAIRDAILY.COM<\/span><\/strong> le proporcionar\u00e1 la informaci\u00f3n necesaria para determinar qu\u00e9 herramientas se adaptan mejor al proyecto en el que est\u00e1 trabajando. El ahorro de dinero en proyectos de bricolaje en el hogar puede ser considerable si se trabaja con las herramientas adecuadas.Tambi\u00e9n escribimos blogs con los conocimientos que nuestros lectores necesitan para sacar el m\u00e1ximo partido a la vida, ya sea c\u00f3mo cambiar un neum\u00e1tico, c\u00f3mo construir una mesa de granja, c\u00f3mo encontrar el tel\u00e9fono perdido o c\u00f3mo recorrer el Sendero de los Apalaches.Esperamos que los proyectos de bricolaje, las manualidades, las recetas, las reformas, las reparaciones dom\u00e9sticas y las actividades de fin de semana que compartimos en el sitio te entusiasmen.y actividades de fin de semana. Hemos trabajado duro para ofrecerte lo mejor en bricolaje.Este es un lugar donde puedes encontrar respuestas a todas las preguntas de tu vida &#8211; respuestas que realmente te ayudar\u00e1n a superar cualquier limitaci\u00f3n que te est\u00e9 impidiendo alcanzar tus metas. Los hombres y mujeres de hoy son inteligentes, sofisticados, exigentes y no tienen tiempo que perder en cosas que no sean las mejores.<\/p>\n<\/p>\n<\/p>\n<ul>\n<li>Las rese\u00f1as sobre diversas herramientas el\u00e9ctricas ser\u00e1n objetivas para identificar si se adaptan a sus necesidades.<\/li>\n<li>Las mejoras en el hogar est\u00e1n siempre a la vanguardia de los propietarios de viviendas y tener informaci\u00f3n sobre la herramienta adecuada puede ahorrar mucho dinero a largo plazo.Hay categor\u00edas en las que se identificar\u00e1n las herramientas para que pueda determinar qu\u00e9 herramienta ser\u00e1 la mejor para su proyecto.<\/li>\n<li>La \u00faltima revisi\u00f3n de las herramientas se pondr\u00e1 a su disposici\u00f3n para que pueda tomar su propia decisi\u00f3n sobre el precio y la eficacia de la herramienta.<\/li>\n<li>El objetivo de este sitio web es informarle sobre las mejores opciones que puede permitirse junto con una rese\u00f1a de ellas de personas que las han probado.<\/li>\n<li>Consultar las opiniones de otras personas te ayudar\u00e1 a determinar si te ayudar\u00e1 a completar tu proyecto.<\/li>\n<li>Un producto con opiniones puede ser lo m\u00e1s parecido a hablar con alguien que haya utilizado la herramienta. Los comentarios pueden ayudar a determinar c\u00f3mo funcionar\u00e1 para usted y pueden significar la diferencia entre usarlo o no.<\/li>\n<\/ul>\n<h2><\/h2>\n<h2><\/h2>\n<h2>PUBLICIDAD: Correo electr\u00f3nico a &#8211; <a target=\"_blank\" rel=\"nofollow noopener\" href=\"http:\/\/Thomas@repairdaily.com\" style=\"outline: none;\">Thomas@repairdaily.com<\/a><\/h2>\n<h2>Asociarse: Correo electr\u00f3nico a &#8211; <a target=\"_blank\" rel=\"nofollow noopener\" href=\"http:\/\/Thomas@repairdaily.com\" style=\"outline: none;\">Thomas@repairdaily.com<\/a><\/h2>\n<h2>REDACCI\u00d3N: Correo electr\u00f3nico a &#8211; <a target=\"_blank\" rel=\"nofollow noopener\" href=\"http:\/\/Thomas@repairdaily.com\" style=\"outline: none;\">Thomas@repairdaily.com<\/a><\/h2>\n<h2>o&nbsp;<span style=\"color: rgb(0, 151, 255);\">team@repairdaily.com<\/span><\/h2>\n<h2>P\u00f3ngase en contacto con nosotros por correo electr\u00f3nico<\/h2>\n<p><strong>Thomas@<\/strong><span><strong>repairdaily.com &nbsp;O <span style=\"color: rgb(249, 0, 0);\">team@repairdaily.com<\/span><\/strong><\/span><\/p>\n<h2 style=\"\">P\u00f3ngase en contacto con nosotros por voz (n\u00famero de EE.UU.)<\/h2>\n<p><strong>+1(800) 530-1257<\/strong><\/p>\n<\/p>\n<h2><\/h2>\n<h2>Repairdaily Para una vida feliz<\/h2>\n<p>El secreto para vivir una vida plena y feliz reside en c\u00f3mo ve las limitaciones de su vida y en tener las herramientas adecuadas para superarlas. Si quieres encontrar el equilibrio, ganar confianza, reducir el estr\u00e9s, avanzar en tu carrera profesional, ser m\u00e1s inteligente con tu dinero, construir la casa de tus sue\u00f1os, cultivar tus mejores relaciones, vivir m\u00e1s tiempo y verte y sentirte mejor que nunca, \u00a1no busques m\u00e1s! Est\u00e1s listo para vivir tu Mejor Vida.<\/p>\n<p style=\"text-align: center;\">Estamos imposibles con nuestro equipo de trabajo duro. Estamos orgullosos de tener mucha gente en\u00e9rgica trabajando en varios proyectos a tiempo completo o parcial. Creemos que todos y cada uno de ustedes hacen la diferencia en nuestra empresa. \u00a1\u00a1CHEERRSS!! Haga clic aqu\u00ed para conocerlos.<a href=\"https:\/\/repairdaily.com\/our-team-repair-daily\/\" style=\"outline: none;\">Haga clic en&#8230;<\/a><\/p>\n<h3 style=\"text-align: center;\"><a href=\"https:\/\/repairdaily.com\/our-team-repair-daily\/\" style=\"outline: none;\"><strong>NUESTRO EQUIPO<\/strong><\/a><\/h3>\n<h3 style=\"text-align: center;\"><a href=\"https:\/\/repairdaily.com\/write-for-us-freelancer-writers-jobs\/\" style=\"outline: none;\"><strong>Escribe para nosotros \/ Anuncios<\/strong><\/a><\/h3>\n","protected":false},"excerpt":{"rendered":"<p>Qui\u00e9nes somos Desde 2015, repairdaily.com ha estado en la autoridad frente superior en todo el mundo, proporcionando la vida real art\u00edculos informativos sobre c\u00f3mo, bricolaje, fijador superior, proyectos para el hogar, estilo de vida, noticias, entrevistas, jardiner\u00eda, al aire libre y muchos m\u00e1s nicho. Traemos a nuestra audiencia las \u00faltimas noticias sobre innovaciones e invenciones &#8230; <a title=\"Qui\u00e9nes somos\" class=\"read-more\" href=\"https:\/\/repairdaily.com\/es\/quienes-somos\/\" aria-label=\"Leer m\u00e1s sobre Qui\u00e9nes somos\">Leer m\u00e1s<\/a><\/p>\n","protected":false},"author":1,"featured_media":129406,"parent":0,"menu_order":0,"comment_status":"closed","ping_status":"closed","template":"","meta":{"footnotes":""},"class_list":["post-222068","page","type-page","status-publish","has-post-thumbnail"],"_links":{"self":[{"href":"https:\/\/repairdaily.com\/es\/wp-json\/wp\/v2\/pages\/222068","targetHints":{"allow":["GET"]}}],"collection":[{"href":"https:\/\/repairdaily.com\/es\/wp-json\/wp\/v2\/pages"}],"about":[{"href":"https:\/\/repairdaily.com\/es\/wp-json\/wp\/v2\/types\/page"}],"author":[{"embeddable":true,"href":"https:\/\/repairdaily.com\/es\/wp-json\/wp\/v2\/users\/1"}],"replies":[{"embeddable":true,"href":"https:\/\/repairdaily.com\/es\/wp-json\/wp\/v2\/comments?post=222068"}],"version-history":[{"count":0,"href":"https:\/\/repairdaily.com\/es\/wp-json\/wp\/v2\/pages\/222068\/revisions"}],"wp:featuredmedia":[{"embeddable":true,"href":"https:\/\/repairdaily.com\/es\/wp-json\/wp\/v2\/media\/129406"}],"wp:attachment":[{"href":"https:\/\/repairdaily.com\/es\/wp-json\/wp\/v2\/media?parent=222068"}],"curies":[{"name":"wp","href":"https:\/\/api.w.org\/{rel}","templated":true}]}}