{"id":222090,"date":"2023-02-16T12:20:46","date_gmt":"2023-02-16T17:20:46","guid":{"rendered":"https:\/\/repairdaily.com\/contact-us\/"},"modified":"2023-06-10T16:16:21","modified_gmt":"2023-06-10T20:16:21","slug":"contacto","status":"publish","type":"page","link":"https:\/\/repairdaily.com\/es\/contacto\/","title":{"rendered":"Contacto"},"content":{"rendered":"<h2 class=\"\">PUBLICIDAD, COLABORACI\u00d3N, REDACCI\u00d3N &#8211; Correo electr\u00f3nico a- <a class=\"tve-froala\" href=\"http:\/\/Thomas@repairdaily.com\/\" target=\"_blank\" rel=\"nofollow noopener\">Thomas@repairdaily.com <\/a>o <a href=\"mailto:team@repairdaily.com\">team@repairdaily.com<\/a><\/h2>\n<h2 class=\"\">P\u00f3ngase en contacto con nosotros por correo electr\u00f3nico &#8211; <strong>Thomas@<\/strong><span class=\"skimlinks-unlinked\"><strong>repairdaily.com \u00a0O team@repairdaily.com<\/strong><\/span><\/h2>\n<hr \/>\n<h2 class=\"\" data-css=\"tve-u-17e26f9b86d\">P\u00f3ngase en contacto con nosotros por voz (n\u00famero de EE.UU.)<\/h2>\n<p><strong>+1(800) 530-1257<\/strong><\/p>\n<p>&nbsp;<\/p>\n<p>\u00bfEst\u00e1 cansado de ocuparse usted solo de las reparaciones de su casa? \u00bfNecesita ayuda profesional para arreglar su casa? Encontrar el contratista adecuado para la reparaci\u00f3n de su casa puede ser desalentador, especialmente si usted no sabe por d\u00f3nde empezar. Pero no se preocupe, porque tengo algunos consejos que le ayudar\u00e1n a encontrar el contratista perfecto para sus necesidades de reparaci\u00f3n de viviendas.<\/p>\n<p>En primer lugar, empiece por investigar en Internet. Usted puede reducir su b\u00fasqueda mediante la b\u00fasqueda de los contratistas que se especializan en la reparaci\u00f3n superior. Consulta su sitio web y sus opiniones en Internet para hacerte una idea de su experiencia y la calidad de su trabajo. Tambi\u00e9n puede pedir recomendaciones a amigos y familiares que hayan hecho reparaciones similares en sus casas.<\/p>\n<p>Cuando tenga una lista de posibles contratistas, concierte una cita con ellos. Durante la consulta, preg\u00fanteles por su experiencia y cualificaciones, y aseg\u00farese de que tienen las licencias y seguros necesarios para trabajar en su casa. Pida tambi\u00e9n referencias de clientes anteriores y no dude en ponerse en contacto con ellos para hacerse una idea de su experiencia con el contratista.<\/p>\n<p>Otro factor importante a tener en cuenta es el precio del contratista. Aseg\u00farese de que le dan un presupuesto detallado de los costes de la reparaci\u00f3n, incluidos los materiales y la mano de obra. No se olvide de preguntar por cualquier cargo adicional que pueda aplicarse.<\/p>\n<p>Por \u00faltimo, aseg\u00farese de que se siente c\u00f3modo trabajando con el contratista. La comunicaci\u00f3n es clave, as\u00ed que aseg\u00farese de que es f\u00e1cil hablar con el contratista y de que entiende sus necesidades y preferencias. Un buen contratista debe ser capaz de explicarle detalladamente el proceso de reparaci\u00f3n y responder a todas sus preguntas.<\/p>\n<p>En conclusi\u00f3n, encontrar al contratista de reparaciones adecuado para su casa puede ser una tarea desalentadora, pero con un poco de investigaci\u00f3n y la debida diligencia, puede encontrar el contratista perfecto para sus necesidades. Recuerde tener en cuenta su experiencia, cualificaciones, precios y habilidades de comunicaci\u00f3n al tomar su decisi\u00f3n. Con el contratista adecuado, usted puede asegurarse de que sus reparaciones en el hogar se hacen de manera eficiente y eficaz.<\/p>\n","protected":false},"excerpt":{"rendered":"<p>PUBLICIDAD, COLABORACI\u00d3N, REDACCI\u00d3N &#8211; Correo electr\u00f3nico a- Thomas@repairdaily.com o team@repairdaily.com P\u00f3ngase en contacto con nosotros por correo electr\u00f3nico &#8211; Thomas@repairdaily.com \u00a0O team@repairdaily.com P\u00f3ngase en contacto con nosotros por voz (n\u00famero de EE.UU.) +1(800) 530-1257 &nbsp; \u00bfEst\u00e1 cansado de ocuparse usted solo de las reparaciones de su casa? \u00bfNecesita ayuda profesional para arreglar su casa? Encontrar &#8230; <a title=\"Contacto\" class=\"read-more\" href=\"https:\/\/repairdaily.com\/es\/contacto\/\" aria-label=\"Leer m\u00e1s sobre Contacto\">Leer m\u00e1s<\/a><\/p>\n","protected":false},"author":1,"featured_media":0,"parent":0,"menu_order":0,"comment_status":"closed","ping_status":"closed","template":"","meta":{"footnotes":""},"class_list":["post-222090","page","type-page","status-publish"],"_links":{"self":[{"href":"https:\/\/repairdaily.com\/es\/wp-json\/wp\/v2\/pages\/222090","targetHints":{"allow":["GET"]}}],"collection":[{"href":"https:\/\/repairdaily.com\/es\/wp-json\/wp\/v2\/pages"}],"about":[{"href":"https:\/\/repairdaily.com\/es\/wp-json\/wp\/v2\/types\/page"}],"author":[{"embeddable":true,"href":"https:\/\/repairdaily.com\/es\/wp-json\/wp\/v2\/users\/1"}],"replies":[{"embeddable":true,"href":"https:\/\/repairdaily.com\/es\/wp-json\/wp\/v2\/comments?post=222090"}],"version-history":[{"count":0,"href":"https:\/\/repairdaily.com\/es\/wp-json\/wp\/v2\/pages\/222090\/revisions"}],"wp:attachment":[{"href":"https:\/\/repairdaily.com\/es\/wp-json\/wp\/v2\/media?parent=222090"}],"curies":[{"name":"wp","href":"https:\/\/api.w.org\/{rel}","templated":true}]}}