{"id":222300,"date":"2023-05-02T21:06:36","date_gmt":"2023-05-03T01:06:36","guid":{"rendered":"https:\/\/repairdaily.com\/payment-order-receipt-page\/"},"modified":"2023-06-12T02:57:18","modified_gmt":"2023-06-12T06:57:18","slug":"pagina-de-recibos-de-ordenes-de-pago","status":"publish","type":"page","link":"https:\/\/repairdaily.com\/es\/pagina-de-recibos-de-ordenes-de-pago\/","title":{"rendered":"P\u00e1gina de recepci\u00f3n de \u00f3rdenes de pago"},"content":{"rendered":"<h2 style=\"text-align: center;\"><span style=\"text-decoration: underline;\"><span style=\"color: #000080; text-decoration: underline;\">Recibo de pedido<\/span><\/span><\/h2>\n<p>[directorist_payment_receipt]<\/p>\n","protected":false},"excerpt":{"rendered":"<p>Recibo de pedido [directorist_payment_receipt]<\/p>\n","protected":false},"author":1,"featured_media":0,"parent":0,"menu_order":0,"comment_status":"closed","ping_status":"closed","template":"","meta":{"footnotes":""},"class_list":["post-222300","page","type-page","status-publish"],"_links":{"self":[{"href":"https:\/\/repairdaily.com\/es\/wp-json\/wp\/v2\/pages\/222300","targetHints":{"allow":["GET"]}}],"collection":[{"href":"https:\/\/repairdaily.com\/es\/wp-json\/wp\/v2\/pages"}],"about":[{"href":"https:\/\/repairdaily.com\/es\/wp-json\/wp\/v2\/types\/page"}],"author":[{"embeddable":true,"href":"https:\/\/repairdaily.com\/es\/wp-json\/wp\/v2\/users\/1"}],"replies":[{"embeddable":true,"href":"https:\/\/repairdaily.com\/es\/wp-json\/wp\/v2\/comments?post=222300"}],"version-history":[{"count":0,"href":"https:\/\/repairdaily.com\/es\/wp-json\/wp\/v2\/pages\/222300\/revisions"}],"wp:attachment":[{"href":"https:\/\/repairdaily.com\/es\/wp-json\/wp\/v2\/media?parent=222300"}],"curies":[{"name":"wp","href":"https:\/\/api.w.org\/{rel}","templated":true}]}}