{"id":222305,"date":"2022-04-25T11:17:29","date_gmt":"2022-04-25T15:17:29","guid":{"rendered":"https:\/\/repairdaily.com\/affiliate-disclaimer\/"},"modified":"2023-06-11T16:49:27","modified_gmt":"2023-06-11T20:49:27","slug":"descargo-de-responsabilidad-para-afiliados","status":"publish","type":"page","link":"https:\/\/repairdaily.com\/es\/descargo-de-responsabilidad-para-afiliados\/","title":{"rendered":"Descargo de responsabilidad para afiliados"},"content":{"rendered":"<p><strong>Repairdaily.com<\/strong> es un sitio web independiente que ofrece rese\u00f1as de productos de expertos sobre herramientas que se utilizan espec\u00edficamente en el hogar. Esta p\u00e1gina de divulgaci\u00f3n de afiliaci\u00f3n establece c\u00f3mo monetizamos nuestro contenido.<\/p>\n<p><strong>Repairdaily.com<\/strong> puede recibir ocasionalmente comisiones por enlazar a otros sitios web. Sin embargo, esto no refleja ni influye en los contenidos y rese\u00f1as que publicamos. Cualquier anuncio pagado que aparezca en nuestro contenido estar\u00e1 claramente identificado como tal.<\/p>\n<p>Los puntos de vista y opiniones expresados en este sitio web representan la opini\u00f3n del autor y no reflejan necesariamente la postura del fabricante. Si le preocupa alguna afirmaci\u00f3n, estad\u00edstica, cita o cualquier otra declaraci\u00f3n que hagamos sobre un producto, p\u00f3ngase siempre en contacto con el fabricante correspondiente para recibir m\u00e1s aclaraciones.<\/p>\n<h2>Aviso de divulgaci\u00f3n de afiliaci\u00f3n de Amazon<\/h2>\n<p>Repairdaily.com es un participante en el Programa de Asociados de Amazon Services LLC, un programa de publicidad de afiliados dise\u00f1ado para proporcionar un medio para que los sitios de ganar honorarios de publicidad por la publicidad y la vinculaci\u00f3n a Amazon.com. Amazon, el logotipo de Amazon, AmazonSupply y el logotipo de AmazonSupply son marcas comerciales de Amazon.com, Inc. o sus afiliados.<\/p>\n<h2>API de publicidad de productos de Amazon<\/h2>\n<p>Los precios y la disponibilidad de los productos son exactos en la fecha\/hora indicada y est\u00e1n sujetos a cambios. Cualquier informaci\u00f3n sobre precios y disponibilidad mostrada en [Sitio(s) Amazon correspondiente(s), seg\u00fan proceda] en el momento de la compra se aplicar\u00e1 a la compra de este producto.\u00bb En los ejemplos anteriores.<\/p>\n<p>La informaci\u00f3n contenida en este sitio web tiene \u00fanicamente fines informativos generales. La informaci\u00f3n es facilitada por <i>RepairDaily.com<\/i> y aunque nos esforzamos por mantener la informaci\u00f3n actualizada y correcta, no hacemos representaciones o garant\u00edas de ning\u00fan tipo, expresas o impl\u00edcitas, sobre la integridad, exactitud, fiabilidad, adecuaci\u00f3n o disponibilidad con respecto al sitio web o la informaci\u00f3n, productos, servicios o gr\u00e1ficos relacionados contenidos en el sitio web para cualquier prop\u00f3sito. Por lo tanto, cualquier confianza que deposite en dicha informaci\u00f3n ser\u00e1 estrictamente por su cuenta y riesgo.<\/p>\n<p>En ning\u00fan caso seremos responsables de cualquier p\u00e9rdida o da\u00f1o, incluidos, entre otros, p\u00e9rdidas o da\u00f1os indirectos o consecuentes, o cualquier p\u00e9rdida o da\u00f1o derivado de la p\u00e9rdida de datos o beneficios que se deriven del uso de este sitio web o est\u00e9n relacionados con \u00e9l.<\/p>\n<p>A trav\u00e9s de este sitio web puede enlazar con otros sitios web que no est\u00e1n bajo el control de <i>RepairDaily.com<\/i>. No tenemos ning\u00fan control sobre la naturaleza, el contenido y la disponibilidad de esos sitios. La inclusi\u00f3n de cualquier enlace no implica necesariamente una recomendaci\u00f3n o aprobaci\u00f3n de las opiniones expresadas en ellos.<\/p>\n<p>Se hace todo lo posible para mantener el sitio web en funcionamiento sin problemas. Sin embargo, RepairDaily.com no asume ninguna responsabilidad por, y no ser\u00e1 responsable de, el sitio web est\u00e1 temporalmente fuera de servicio debido a problemas t\u00e9cnicos fuera de nuestro control.<\/p>\n","protected":false},"excerpt":{"rendered":"<p>Repairdaily.com es un sitio web independiente que ofrece rese\u00f1as de productos de expertos sobre herramientas que se utilizan espec\u00edficamente en el hogar. Esta p\u00e1gina de divulgaci\u00f3n de afiliaci\u00f3n establece c\u00f3mo monetizamos nuestro contenido. Repairdaily.com puede recibir ocasionalmente comisiones por enlazar a otros sitios web. Sin embargo, esto no refleja ni influye en los contenidos y &#8230; <a title=\"Descargo de responsabilidad para afiliados\" class=\"read-more\" href=\"https:\/\/repairdaily.com\/es\/descargo-de-responsabilidad-para-afiliados\/\" aria-label=\"Leer m\u00e1s sobre Descargo de responsabilidad para afiliados\">Leer m\u00e1s<\/a><\/p>\n","protected":false},"author":1,"featured_media":0,"parent":0,"menu_order":0,"comment_status":"closed","ping_status":"closed","template":"","meta":{"footnotes":""},"class_list":["post-222305","page","type-page","status-publish"],"_links":{"self":[{"href":"https:\/\/repairdaily.com\/es\/wp-json\/wp\/v2\/pages\/222305","targetHints":{"allow":["GET"]}}],"collection":[{"href":"https:\/\/repairdaily.com\/es\/wp-json\/wp\/v2\/pages"}],"about":[{"href":"https:\/\/repairdaily.com\/es\/wp-json\/wp\/v2\/types\/page"}],"author":[{"embeddable":true,"href":"https:\/\/repairdaily.com\/es\/wp-json\/wp\/v2\/users\/1"}],"replies":[{"embeddable":true,"href":"https:\/\/repairdaily.com\/es\/wp-json\/wp\/v2\/comments?post=222305"}],"version-history":[{"count":0,"href":"https:\/\/repairdaily.com\/es\/wp-json\/wp\/v2\/pages\/222305\/revisions"}],"wp:attachment":[{"href":"https:\/\/repairdaily.com\/es\/wp-json\/wp\/v2\/media?parent=222305"}],"curies":[{"name":"wp","href":"https:\/\/api.w.org\/{rel}","templated":true}]}}