{"id":231382,"date":"2023-05-02T21:20:06","date_gmt":"2023-05-03T01:20:06","guid":{"rendered":"https:\/\/repairdaily.com\/add-listing-business-directory11\/"},"modified":"2023-07-07T16:19:15","modified_gmt":"2023-07-07T20:19:15","slug":"anadir-lista-directorio-empresa11","status":"publish","type":"page","link":"https:\/\/repairdaily.com\/es\/anadir-lista-directorio-empresa11\/","title":{"rendered":"Directorio de empresas A\u00f1adir anuncio"},"content":{"rendered":"<h2 style=\"text-align: center;\">M\u00e1s de 30000 empresas en nuestra base de datos y seguimos creciendo. \u00a1Muestre su servicio!<\/h2>\n<p>Hemos estado operando repairdaily.com desde 2017 y la privacidad y protecci\u00f3n de datos es nuestra prioridad # 1. A\u00f1adir su directorio de empresas es un paso importante para ayudar a los clientes potenciales a encontrar su negocio. Si usted tiene una tienda de ladrillo y mortero o un negocio en l\u00ednea, un directorio de negocios puede ayudar a los clientes a encontrar f\u00e1cilmente. Hay muchos lugares donde puede a\u00f1adir su directorio de empresas. Los lugares m\u00e1s populares son los motores de b\u00fasqueda como Google y Bing, as\u00ed como las plataformas de redes sociales como Facebook y Yelp. Tambi\u00e9n existen muchos directorios de empresas, como las P\u00e1ginas Amarillas y las P\u00e1ginas Blancas, donde puede incluir su empresa de forma gratuita.<\/p>\n<p>Al a\u00f1adir su empresa al directorio, debe tener en cuenta algunos aspectos. En primer lugar, aseg\u00farese de proporcionar informaci\u00f3n precisa y completa sobre su empresa, incluida la informaci\u00f3n de contacto, la ubicaci\u00f3n, el horario comercial y los servicios. Esto ayudar\u00e1 a los clientes a encontrar su negocio de forma r\u00e1pida y precisa. Tambi\u00e9n debe incluir algunas fotos de su tienda o productos, as\u00ed como opiniones y testimonios de clientes.<\/p>\n<p>Esto ayudar\u00e1 a los clientes a hacerse una mejor idea de la calidad de su negocio y servicios, e incluso puede animarles a utilizar su negocio. Por \u00faltimo, considere la posibilidad de crear una cuenta en el directorio de empresas. Esto le dar\u00e1 acceso a funciones y servicios adicionales, como an\u00e1lisis y atenci\u00f3n al cliente. Esto le ayudar\u00e1 a realizar un seguimiento de la participaci\u00f3n de los clientes, gestionar sus consultas y obtener informaci\u00f3n sobre su base de clientes.<\/p>\n<p>Al a\u00f1adir su directorio de empresas a varias plataformas, puede maximizar el alcance de sus clientes y asegurarse de que los clientes potenciales puedan encontrar f\u00e1cilmente su empresa. Con la informaci\u00f3n y los servicios adecuados, puede asegurarse de que los clientes disfrutan de una gran experiencia cuando eligen su empresa. A\u00f1adir su directorio de empresas es un paso importante para garantizar el \u00e9xito de su negocio.<\/p>\n<hr \/>\n<p>We have been operating repairdaily.com since 2017 and data privacy &amp; protection is our #1 priority. Adding your business directory is an important step to help potential customers find your business. Whether you have a brick-and-mortar store or an online business, a business directory can help customers find you easily. There are many places where you can add your business directory. The most popular places are search engines like Google and Bing, as well as social media platforms like Facebook and Yelp. Many business directories also exist, such as Yellow Pages and White Pages, where you can list your business for free.<\/p>\n<p>When adding your business directory, there are a few things you should consider. First, make sure to provide accurate and complete information about your business, including contact information, location, business hours, and services. This will help customers find your business quickly and accurately. You should also include a few photos of your store or products, as well as any customer reviews and testimonies.<\/p>\n<p>This will help customers get a better sense of the quality of your business and services, and may even encourage them to use your business. Finally, you should also consider setting up an account with the business directory. This will give you access to additional features and services, such as analytics and customer support. This will help you track customer engagement, manage customer inquiries, and gain insights into your customer base.<\/p>\n<p>By adding your business directory to multiple platforms, you can maximize your customer reach and ensure potential customers can easily find your business. With the right information and services, you can ensure customers are getting a great experience when they choose your business. Adding your business directory is an important step to ensure your business is successful.<\/p>\n<hr \/>\n<p style=\"text-align: center;\">[directorist_add_listing]<\/p>\n","protected":false},"excerpt":{"rendered":"<p>M\u00e1s de 30000 empresas en nuestra base de datos y seguimos creciendo. \u00a1Muestre su servicio! Hemos estado operando repairdaily.com desde 2017 y la privacidad y protecci\u00f3n de datos es nuestra prioridad # 1. A\u00f1adir su directorio de empresas es un paso importante para ayudar a los clientes potenciales a encontrar su negocio. Si usted tiene &#8230; <a title=\"Directorio de empresas A\u00f1adir anuncio\" class=\"read-more\" href=\"https:\/\/repairdaily.com\/es\/anadir-lista-directorio-empresa11\/\" aria-label=\"Leer m\u00e1s sobre Directorio de empresas A\u00f1adir anuncio\">Leer m\u00e1s<\/a><\/p>\n","protected":false},"author":1,"featured_media":279276,"parent":0,"menu_order":0,"comment_status":"closed","ping_status":"closed","template":"","meta":{"footnotes":""},"class_list":["post-231382","page","type-page","status-publish","has-post-thumbnail"],"_links":{"self":[{"href":"https:\/\/repairdaily.com\/es\/wp-json\/wp\/v2\/pages\/231382","targetHints":{"allow":["GET"]}}],"collection":[{"href":"https:\/\/repairdaily.com\/es\/wp-json\/wp\/v2\/pages"}],"about":[{"href":"https:\/\/repairdaily.com\/es\/wp-json\/wp\/v2\/types\/page"}],"author":[{"embeddable":true,"href":"https:\/\/repairdaily.com\/es\/wp-json\/wp\/v2\/users\/1"}],"replies":[{"embeddable":true,"href":"https:\/\/repairdaily.com\/es\/wp-json\/wp\/v2\/comments?post=231382"}],"version-history":[{"count":0,"href":"https:\/\/repairdaily.com\/es\/wp-json\/wp\/v2\/pages\/231382\/revisions"}],"wp:featuredmedia":[{"embeddable":true,"href":"https:\/\/repairdaily.com\/es\/wp-json\/wp\/v2\/media\/279276"}],"wp:attachment":[{"href":"https:\/\/repairdaily.com\/es\/wp-json\/wp\/v2\/media?parent=231382"}],"curies":[{"name":"wp","href":"https:\/\/api.w.org\/{rel}","templated":true}]}}